{"id":110,"date":"2023-12-13T11:19:50","date_gmt":"2023-12-13T11:19:50","guid":{"rendered":"https:\/\/www.smart-train-lease.com\/?page_id=110"},"modified":"2026-05-05T12:44:17","modified_gmt":"2026-05-05T12:44:17","slug":"uber-smart-train-lease","status":"publish","type":"page","link":"https:\/\/www.smart-train-lease.com\/de\/","title":{"rendered":"\u00dcber Smart Train Lease"},"content":{"rendered":"\t\t<section class=\"snk-stage snk-bg_3\">\n\t\t\t<div class=\"container\">\n\t\t\t\t<div class=\"row\">\n\t\t\t\t\t<div class=\"col-12 col-lg-6\">\n\t\t\t\t\t\t<div class=\"snk-stage-copy\">\n\t\t\t\t\t\t\t\t\t\t\t\t\t\t\t<div class=\"snk-roofline\">Unser Angebot<\/div>\n\t\t\t\t\t\t\t\n\t\t\t\t\t\t\t\t\t\t\t\t\t\t\t<h1 class=\"snk-h1-display\">Mireo Smart. Einfach mieten!<\/h1>\n\t\t\t\t\t\t\t\n\t\t\t\t\t\t\t\n\t\t\t\t\t\t\t\t\t\t\t\t\t<\/div>\n\t\t\t\t\t<\/div>\n\t\t\t\t\t\t\t\t\t\t\t<div class=\"col-12 col-lg-6\">\n\t\t\t\t\t\t<div class=\"snk-stage-image snk-stage-image_padTop\">\n\t\t\t\t\t\t\t<picture>\n\t\t\t\t\t\t\t\t<source media=\"(max-width: 1023px)\" srcset=\"https:\/\/www.smart-train-lease.com\/wp-content\/uploads\/2024\/02\/mireo-smart-stl-cologne_1024x835px-2x.jpg\" \/>\n\t\t\t\t\t\t\t\t<source media=\"(min-width: 1024px)\" srcset=\"https:\/\/www.smart-train-lease.com\/wp-content\/uploads\/2024\/02\/mireo-smart-stl-cologne_1882x2160px-2x.jpg\" \/>\n\t\t\t\t\t\t\t\t<img decoding=\"async\" src=\"https:\/\/www.smart-train-lease.com\/wp-content\/uploads\/2024\/02\/mireo-smart-stl-cologne_1882x2160px-2x.jpg\" alt=\"Ein am Bahnhof stehender Siemens Mireo Smart Miet-Zug, fotografiert seitlich von vorne mit K\u00f6lner Dom im Hintergrund\" title=\"\" \/>\n\t\t\t\t\t\t\t<\/picture>\n\t\t\t\t\t\t<\/div>\n\t\t\t\t\t<\/div>\n\t\t\t\t\t\t\t\t\t\t\n\t\t\t\t<\/div>\n\t\t\t<\/div>\n\t\t<\/section>\n\n\t\t\t\t<section class=\"snk-stageBottom\">\n\t\t\t<div class=\"container\">\n\t\t\t\t<div class=\"row\">\n\t\t\t\t\t<div class=\"col-lg-7 col-xxl-8 snk-stageBottom-arrow\">\n\t\t\t\t\t\t<svg xmlns=\"http:\/\/www.w3.org\/2000\/svg\" width=\"988\" height=\"569\" fill=\"none\" viewBox=\"0 0 988 569\"><path stroke=\"#E0FA8A\" stroke-miterlimit=\"10\" stroke-width=\"12\" d=\"M6 0v103-2c0 46.94 35.96 85 80.32 85h164.85c44.09 0 79.83 38.06 79.83 85s-35.74 85-79.83 85H169h53-50.91C126.86 356 91 394.06 91 441s35.85 85 80.09 85H983\"\/><path stroke=\"#E0FA8A\" stroke-miterlimit=\"10\" stroke-width=\"12\" d=\"m941.504 487.602 38 38.5-38 38.5\"\/><\/svg>\t\t\t\t\t<\/div>\n\t\t\t\t\t\t\t\t\t<div class=\"col-lg-5 col-xxl-4\">\n\t\t\t\t\t\t<div class=\"snk-stageBottom-icons\">\n\t\t\t\t\t\t\t\t\t\t\t\t\t\t<img decoding=\"async\" src=\"https:\/\/www.smart-train-lease.com\/wp-content\/uploads\/2023\/12\/train.svg\" alt=\"Ein Icon f\u00fcr einen Zug\" title=\"\" \/>\n\t\t\t\t\t\t\t\t\t\t\t\t\t\t\t\t<img decoding=\"async\" src=\"https:\/\/www.smart-train-lease.com\/wp-content\/uploads\/2024\/01\/energy.svg\" alt=\"Ein Icon f\u00fcr Energie\" title=\"\" \/>\n\t\t\t\t\t\t\t\t\t\t\t\t\t\t<\/div>\n\t\t\t\t\t\t<p class=\"snk-h6\">Mehr Passagiere, weniger CO\u2082<\/p>\n\t\t\t\t\t\t\t\t\t\t\t<\/div>\n\t\t\t\t\t\t\t\t\t<\/div>\n\t\t\t<\/div>\n\t\t<\/section>\n\t\t\t\n\n\n\t<section class=\"snk-section snk-section_noBtn\" >\n\t\t<div class=\"container\">\n\t\t\t<div class=\"snk-section-heading\">\n\t\t\t\t\t\t\t\t\t<h2>Wir vermieten hochmoderne Z\u00fcge f\u00fcr den Regionalverkehr.<\/h2>\n\t\t\t\t\t\t\t\t\t\t\t\t\t<p class=\"snk-text_l\">So k\u00f6nnen Sie Ihre Flotte bei kurzfristigem Ersatzbedarf und steigender Nachfrage einfach und flexibel erg\u00e4nzen.<\/p>\n\t\t\t\t\t\t\t<\/div>\n\t\t\t<div class=\"snk-cards-container\">\n\t\t\t\t<div class=\"snk-cards snk-cards_three\">\n\t\t\t\t\t\n\t\t\t\t\t\t<div class=\"snk-card\">\n\t\t\t\t\t\t\t<div class=\"snk-card-image\">\n\t\t\t\t\t\t\t\t<img decoding=\"async\" src=\"https:\/\/www.smart-train-lease.com\/wp-content\/uploads\/2023\/12\/Card-1.webp\" alt=\"Bahnschienen aus der Vogelperspektive, die \u00fcber eine Flussbr\u00fccke f\u00fchren\" title=\"\" \/>\n\t\t\t\t\t\t\t\t\t\t\t\t\t\t\t\t\t<h3 class=\"snk-card-headline\">Der Mireo Smart <\/h3>\n\t\t\t\t\t\t\t\t\t\t\t\t\t\t\t<\/div>\n\t\t\t\t\t\t\t<div class=\"snk-card-content\">\n\t\t\t\t\t\t\t\t\t\t\t\t\t\t\t\t\t<h3 class=\"snk-card-headline\">Der Mireo Smart <\/h3>\n\t\t\t\t\t\t\t\t\t\t\t\t\t\t\t\t\t\t\t\t\t\t\t\t\t<p class=\"snk-card-text\">Der Mireo Smart ist ein erprobtes, leistungsstarkes Regionalfahrzeug der neuesten Generation und die ideale Erg\u00e4nzung f\u00fcr Ihre Flotte. Er bietet modernste Ausstattung, maximale Sicherheit und Komfort in den zwei Antriebsvarianten Elektrisch und Batterie.<\/p>\n\t\t\t\t\t\t\t\t\t\t\t\t\t\t\t<\/div>\n\t\t\t\t\t\t\t<div class=\"snk-card-icon\">\n\t\t\t\t\t\t\t\t<svg xmlns=\"http:\/\/www.w3.org\/2000\/svg\" width=\"27\" height=\"27\" fill=\"none\" viewBox=\"0 0 27 27\"><path fill=\"currentColor\" d=\"M11.609.209h3.614v26.746h-3.614z\"\/><path fill=\"currentColor\" d=\"M26.79 11.774v3.614H.043v-3.614z\"\/><\/svg>\t\t\t\t\t\t\t<\/div>\n\t\t\t\t\t\t<\/div>\n\t\t\t\t\t\t\t\n\t\t\t\t\t\t<div class=\"snk-card\">\n\t\t\t\t\t\t\t<div class=\"snk-card-image\">\n\t\t\t\t\t\t\t\t<img decoding=\"async\" src=\"https:\/\/www.smart-train-lease.com\/wp-content\/uploads\/2023\/12\/Card-2-1.webp\" alt=\"Hochverf\u00fcgbarkeit: Gl\u00fcckliche Bahnkundin mit Smartphone in der Hand\" title=\"\" \/>\n\t\t\t\t\t\t\t\t\t\t\t\t\t\t\t\t\t<h3 class=\"snk-card-headline\">Schnell verf\u00fcgbar und sofort betriebsbereit<\/h3>\n\t\t\t\t\t\t\t\t\t\t\t\t\t\t\t<\/div>\n\t\t\t\t\t\t\t<div class=\"snk-card-content\">\n\t\t\t\t\t\t\t\t\t\t\t\t\t\t\t\t\t<h3 class=\"snk-card-headline\">Schnell verf\u00fcgbar und sofort betriebsbereit<\/h3>\n\t\t\t\t\t\t\t\t\t\t\t\t\t\t\t\t\t\t\t\t\t\t\t\t\t<p class=\"snk-card-text\">Wir erm\u00f6glichen maximale Effizienz durch intelligente Standardisierung und Service. Das bedeutet f\u00fcr Sie: Flexibler Einsatz von Z\u00fcgen ohne Zulassungsrisiko und Kinderkrankheiten. Keine hohen Einmalkosten f\u00fcr Individualisierung oder aufwendige Ert\u00fcchtigung Ihrer Instandhaltungsorganisation (f\u00fcr eine Kleinstflotte). Als einziger Anbieter am Markt  bieten wir diese einzigartige Kombination aus hochwertigen Fahrzeugen und einem herausragenden Service.<\/p>\n\t\t\t\t\t\t\t\t\t\t\t\t\t\t\t<\/div>\n\t\t\t\t\t\t\t<div class=\"snk-card-icon\">\n\t\t\t\t\t\t\t\t<svg xmlns=\"http:\/\/www.w3.org\/2000\/svg\" width=\"27\" height=\"27\" fill=\"none\" viewBox=\"0 0 27 27\"><path fill=\"currentColor\" d=\"M11.609.209h3.614v26.746h-3.614z\"\/><path fill=\"currentColor\" d=\"M26.79 11.774v3.614H.043v-3.614z\"\/><\/svg>\t\t\t\t\t\t\t<\/div>\n\t\t\t\t\t\t<\/div>\n\t\t\t\t\t\t\t\n\t\t\t\t\t\t<div class=\"snk-card\">\n\t\t\t\t\t\t\t<div class=\"snk-card-image\">\n\t\t\t\t\t\t\t\t<img decoding=\"async\" src=\"https:\/\/www.smart-train-lease.com\/wp-content\/uploads\/2023\/12\/Card-2.webp\" alt=\"Sitzgruppe zum Warten auf einem Bahnsteig mit digitaler Zuganzeige im Hintergrund (themenunterst\u00fctzendes Bild)\" title=\"\" \/>\n\t\t\t\t\t\t\t\t\t\t\t\t\t\t\t\t\t<h3 class=\"snk-card-headline\">Aus Prinzip kostenoptimiert<\/h3>\n\t\t\t\t\t\t\t\t\t\t\t\t\t\t\t<\/div>\n\t\t\t\t\t\t\t<div class=\"snk-card-content\">\n\t\t\t\t\t\t\t\t\t\t\t\t\t\t\t\t\t<h3 class=\"snk-card-headline\">Aus Prinzip kostenoptimiert<\/h3>\n\t\t\t\t\t\t\t\t\t\t\t\t\t\t\t\t\t\t\t\t\t\t\t\t\t<p class=\"snk-card-text\">Sie profitieren von einer wirtschaftlich sinnvollen L\u00f6sung. Der Mireo Smart besticht durch geringe Instandhaltungskosten und niedrigen Energieverbrauch. Mit unserem flexiblen Vermietmodell erweitern Sie Ihre Flottenkapazit\u00e4t auf Betriebskostenbasis \u2013 ganz ohne hohe Investitionskosten.<\/p>\n\t\t\t\t\t\t\t\t\t\t\t\t\t\t\t<\/div>\n\t\t\t\t\t\t\t<div class=\"snk-card-icon\">\n\t\t\t\t\t\t\t\t<svg xmlns=\"http:\/\/www.w3.org\/2000\/svg\" width=\"27\" height=\"27\" fill=\"none\" viewBox=\"0 0 27 27\"><path fill=\"currentColor\" d=\"M11.609.209h3.614v26.746h-3.614z\"\/><path fill=\"currentColor\" d=\"M26.79 11.774v3.614H.043v-3.614z\"\/><\/svg>\t\t\t\t\t\t\t<\/div>\n\t\t\t\t\t\t<\/div>\n\t\t\t\t\t\t\t\t\t\t\t<\/div>\n\t\t\t<\/div>\n\t\t<\/div>\n\t<\/section>\n\t\n\n\t<section class=\"snk-textTeaser snk-section snk-section_big snk-textTeaser_grid snk-section-text snk_bg-1 \">\n\t\t<div class=\"container\">\n\t\t\t<div class=\"row\">\n\n\t\t\t\t<div class=\"col-lg-12 col-xl-5 snk-textTeaser-left\">\n\t\t\t\t\t\t\t\t\t\t\t<h2 class=\"snk-h1\">Warum Smart Train Lease?<\/h2>\n\t\t\t\t\t\t\t\t\t\t\t\t\t\t\t\t\t\t\t\t\t<div class=\"snk-textTeaser-line snk-textTeaser-line_\"><\/div>\n\t\t\t\t\t\t\t\t\t<\/div>\n\n\t\t\t\t\t\t\t\t<div class=\"col-lg-12 offset-xl-1 col-xl-6 snk-textTeaser-right\">\n\n\t\t\t\t\t<div class=\"row\">\n\n\t\t\t\t\t\n\t\t\t\t\t\t<div class=\"col-12 col-lg-6\">\n\n\t\t\t\t\t\t\t<div class=\"snk-textTeaser-block\">\n\t\t\t\t\t\t\t\t\t\t\t\t\t\t\t\t\t<span class=\"snk-h6 snk-textTeaser-count\">01<\/span>\n\t\t\t\t\t\t\t\t\t\t\t\t\t\t\t\t\t\t\t\t\t\t\t\t\t<h5>Ein neues Angebot f\u00fcr den Markt <\/h5>\t\t\t\t\t\t\t\t\t\t\t\t\t\t\t\t\t\t\t\t\t\t\t\t\t<p>Es gibt bisher keine einfache M\u00f6glichkeit, um im Regionalverkehr zeitnah auf zus\u00e4tzliche Fahrzeugbedarfe in kleiner St\u00fcckzahl zu reagieren. Mit unseren hoch standardisierten, voll ausgestatteten Fahrzeugen, Instandhaltung auf Knopfdruck und dem neuen Mietmodell bieten wir eine L\u00f6sung f\u00fcr alle Arten von \u00dcbergangsverkehren.<\/p>\n\t\t\t\t\t\t\t\t\t\t\t\t\t\t\t\t\t\t\t\t\t\t\t<\/div>\n\n\t\t\t\t\t\t<\/div>\n\n\t\t\t\t\t\n\t\t\t\t\t\t<div class=\"col-12 col-lg-6\">\n\n\t\t\t\t\t\t\t<div class=\"snk-textTeaser-block\">\n\t\t\t\t\t\t\t\t\t\t\t\t\t\t\t\t\t<span class=\"snk-h6 snk-textTeaser-count\">02<\/span>\n\t\t\t\t\t\t\t\t\t\t\t\t\t\t\t\t\t\t\t\t\t\t\t\t\t<h5>Flexible Planung<\/h5>\t\t\t\t\t\t\t\t\t\t\t\t\t\t\t\t\t\t\t\t\t\t\t\t\t<p>Bei kurzfristigem Ersatzbedarf oder Takterh\u00f6hungen helfen wir bei der flexiblen Erg\u00e4nzung Ihrer Flotte mit der Vermietung zugelassener Z\u00fcge mit kurzen Lieferzeiten und in kleinen Losgr\u00f6\u00dfen.<\/p>\n\t\t\t\t\t\t\t\t\t\t\t\t\t\t\t\t\t\t\t\t\t\t\t<\/div>\n\n\t\t\t\t\t\t<\/div>\n\n\t\t\t\t\t\n\t\t\t\t\t\t<div class=\"col-12 col-lg-6\">\n\n\t\t\t\t\t\t\t<div class=\"snk-textTeaser-block\">\n\t\t\t\t\t\t\t\t\t\t\t\t\t\t\t\t\t<span class=\"snk-h6 snk-textTeaser-count\">03<\/span>\n\t\t\t\t\t\t\t\t\t\t\t\t\t\t\t\t\t\t\t\t\t\t\t\t\t<h5>Kosteneffizient standardisiert<\/h5>\t\t\t\t\t\t\t\t\t\t\t\t\t\t\t\t\t\t\t\t\t\t\t\t\t<p>Durch smarte Ausstattung sind unsere Z\u00fcge variabel einsetzbar. Ohne zeitaufwendiges Individualisierungsmanagement und lange Lieferzeiten oder Umstellung der Instandhaltungsorganisation.<\/p>\n\t\t\t\t\t\t\t\t\t\t\t\t\t\t\t\t\t\t\t\t\t\t\t<\/div>\n\n\t\t\t\t\t\t<\/div>\n\n\t\t\t\t\t\n\t\t\t\t\t<\/div>\n\n\t\t\t\t<\/div>\n\t\t\t\t\n\t\t\t<\/div>\n\t\t<\/div>\n\t<\/section>\n\n\t\n\n\n<section class=\"snk-section snk-bg_3\">\n\t<div class=\"container\">\n\n\t\t\t<div class=\"snk-media-intro\">\n\t\t\t<h2 class=\"snk-section-headline snk-h2\">Wenn Mobilit\u00e4t mietbar wird<\/h2>\t\t\t\t<p class=\"snk-text_l\">Eine neue Zeit braucht neue Antworten &#8211; nicht zuletzt im Bereich Mobilit\u00e4t. Lernen Sie jetzt den nachhaltigen, komfortablen und barrierefreien Mireo Smart kennen. Und erfahren Sie, wie Sie mit Smart Train Lease diesen innovativen Zug kurzfristig, flexibel und zu attraktiven Preisen f\u00fcr Ihre Flotte mieten k\u00f6nnen.<\/p>\n\t\t\t\t\t<\/div>\n\t\n\t\t\t<div class=\"snk-media snk-media_media\">\n\n\t\t\n\t\t\t<div class=\"snk-media-video\">\n\t\t\t\t\t\t\t\t<div class=\"snk-media-videoPlayer js-video-player\">\n\t\t\t\t\t\t\t\t\t\t<video src=\"https:\/\/www.smart-train-lease.com\/wp-content\/uploads\/2024\/07\/siemens_mobility_trailer.mp4\" controls ><\/video>\n\t\t\t\t\t\t\t\t\t\t\t\t\t<\/div>\n\t\t\t\t\t\t\t<\/div>\n\n\t\t\t\t\n\t\t\n\t\t<\/div>\n\t\t\n\t<\/div>\n\n\t \n\n<\/section>\n\n\t\n\n\n<section class=\"snk-mediaTeaser snk-section snk-bg_3\">\n\t<div class=\"container\">\n\t\t<div class=\"row snk-mediaTeaser-inner\">\n\n\t\t\t<div class=\"col-12 col-md-8 col-xxl-5\">\n\t\t\t\t<div class=\"snk-mediaTeaser-text\">\n\t\t\t\t\t\t\t\t\t<h2>Nachhaltigkeit finden wir smart.<\/h2>\n\t\t\t\t\n\t\t\t\t\t\t\t\t\t<h5>Unser Ziel ist ein nachhaltiger Verkehr auf der Schiene.<\/h5>\n<p>Durch unsere flexiblen Angebote und Services unterst\u00fctzen wir nicht nur die Steigerung der Flottenkapazit\u00e4t und Verf\u00fcgbarkeit, sondern auch die schnellere und zuverl\u00e4ssigere Betriebseinf\u00fchrung von alternativen Antrieben zur CO\u2082-Reduzierung, wie Batteriez\u00fcge.<\/p>\n\t\t\t\t\t\t\t\t<\/div>\n\t\t\t<\/div>\n\n\t\t\t<div class=\"col-12 col-xxl-5 offset-xxl-1 snk-mediaTeaser-media\">\n\t\t\t\n\t\t\t\t<div class=\"snk-media snk-media_image\">\n\t\t\t\t\t\t\t\t\t\t\t\t\t<div class=\"snk-media-wrapper\">\n\t\t\t\t\t\t\t\t\t<img decoding=\"async\" src=\"https:\/\/www.smart-train-lease.com\/wp-content\/uploads\/2023\/12\/Story-1.webp\" alt=\"Smarte Nachhaltigkeit: Frau mit Smartphone in der Hand wartet am Bahnsteig (themenunterst\u00fctzendes Bild)\" title=\"\"  class=\"snk-media-image snk-media-image_1\" \/>\n\t\t\t\t\t\t\t\t<\/div>\n\t\t\t\t\t\t\t\t\t\t\t\t\t\t\t\t<div class=\"snk-media-wrapper\">\n\t\t\t\t\t\t\t\t\t<img decoding=\"async\" src=\"https:\/\/www.smart-train-lease.com\/wp-content\/uploads\/2024\/02\/mireo-smart-stl-bayern_2x.webp\" alt=\"Ein fahrender Siemens Mireo Smart Miet-Zug seitlich von vorne fotografiert vor bayerischem Bergpanorama im Hintergrund, sonniges Wetter\" title=\"\"  class=\"snk-media-image snk-media-image_2\" \/>\n\t\t\t\t\t\t\t\t<\/div>\n\t\t\t\t\t\t\t\t\t\t\t\t\t\n\t\t\t\t<\/div>\n\t\t\t<\/div>\n\t\t<\/div>\n\t<\/div>\n<\/section>\n\n<section class=\"snk-mediaTeaserBottom\">\n\t<div class=\"container\">\n\t\t<div class=\"snk-mediaTeaserBottom-line\">\n\t\t\t<svg xmlns=\"http:\/\/www.w3.org\/2000\/svg\" width=\"573\" height=\"608\" fill=\"none\" viewBox=\"0 0 573 608\"><path stroke=\"#E0FA8A\" stroke-miterlimit=\"10\" stroke-width=\"12\" d=\"M6 0v243-6c0 46.6 34.8 84.3 77.7 84.3l397.8.1c46.9 0 85 38 85 85s-38 85-85 85L307 491c-46.9 0-85 38-85 85v31.7\" \/><\/svg>\t\t\t<svg xmlns=\"http:\/\/www.w3.org\/2000\/svg\"  width=\"365\" height=\"987\" fill=\"none\" viewBox=\"0 0 365 987\"><path stroke=\"#E0FA8A\" stroke-miterlimit=\"10\" stroke-width=\"8\" d=\"M4 0v755-4.1c0 29.6 22.1 53.7 49.4 53.7l7.9.1h245.4c29.9 0 54.1 24.2 54.1 54.1 0 29.9-24.2 54.1-54.1 54.1l-111.1-.2c-29.9 0-54.1 24.2-54.1 54.1V959v28\" \/><\/svg>\t\t<\/div>\n\t<\/div>\n<\/section>\n\n\t\n\n\n<section class=\"snk-textMedia  snk-section  snk-section_noTop\">\n\t<div class=\"container\">\n\t\t<div class=\"row snk-textMedia-inner\">\n\t\t\t<div class=\"col-lg-6 col-md snk-textMedia-media\">\n\t\t\t\t<div class=\"snk-media snk-media_image\">\n\t\t\t\t\t\t\t\t\t\t\t\t\t<img decoding=\"async\" src=\"https:\/\/www.smart-train-lease.com\/wp-content\/uploads\/2023\/12\/Teaser.webp\" alt=\"Ein Fahrgast mit Koffer und Jacke \u00fcber den Arm geh\u00e4ngt, geht bei sommerlichem Wetter \u00fcber einen Bahnsteig (themenunterst\u00fctzendes Bild)\" title=\"\" \/>\n\t\t\t\t\t\t\t\t\t\t<\/div>\n\t\t\t<\/div>\n\t\t\t<div class=\"col-xl-5 col-lg-6 offset-xl-1 col-md\">\n\t\t\t\t<div class=\"snk-textMedia-text\">\n\t\t\t\t\t\t\t\t\t<h2>Erfahren Sie mehr zu unseren L\u00f6sungen und Services.<\/h2>\n\t\t\t\t\n\t\t\t\t\t\t\t\t\t<p>Unser Produkt- und Serviceportfolio ist genau auf Ihre Anforderungen abgestimmt.<\/p>\n\t\t\t\t\n\t\t\t\t\t\t\t\t\t<a class=\"snk-btn-primary\" href=\"https:\/\/www.smart-train-lease.com\/de\/loesungen-und-services\/\"\n\t\t\t\t\t\ttarget=\"_self\">\n\t\t\t\t\t\t<span>L\u00f6sungen und Services<\/span>\n\t\t\t\t\t\t<svg xmlns=\"http:\/\/www.w3.org\/2000\/svg\" width=\"18\" height=\"18\" fill=\"none\" viewBox=\"0 0 18 18\">\n    <path fill=\"currentColor\" d=\"m10.662 14.25-.949-1.08 3.437-3.799H2.25V7.88h10.9l-3.437-3.8L10.662 3l5.088 5.625-5.088 5.625Z\"\/>\n<\/svg>\t\t\t\t\t<\/a>\n\t\t\t\t\t\t\t\t<\/div>\n\t\t\t<\/div>\n\t\t<\/div>\n\t\t<div class=\"snk-textMedia-line\"><\/div>\n\t<\/div>\n<\/section>\n\t\n\n\n\n<section class=\"snk-section snk-section_slim snk-formComponent snk-bg_3\" id='contactForm'>\n\t<div class=\"container\">\n\t\t<div class=\"row\">\n\t\t\t<div class=\"col-lg-10 col-xl-6 offset-lg-1 offset-xl-3 \">\n\t\t\t\t<h2 class=\"snk-h2\">Jetzt Kontakt aufnehmen<\/h2>\t\t\t\t\t\t\t\t\t\t\t\t<div class=\"snk-formComponent-desc\">\n\t\t\t\t\t<p>Schicken Sie uns Ihre Anfrage \u00fcber dieses Formular. Unser Team steht Ihnen gerne zur Verf\u00fcgung, um Ihre Anfrage zu beantworten.<\/p>\n<p>Smart Train Lease GmbH<br \/>\nE-Mail: <a href=\"mailto:contact@smart-train-lease.com\" data-ste-link-id=\"1565220983.page\/primary\/post-128:1142738748.act@smart-train-lease.com:3123605528\">contact@smart-train-lease.com<\/a><\/p>\n\t\t\t\t<\/div>\n\t\t\t\t\t\t\t\t\t\t\t\t\t<div  class=\"snk-formComponent-code\">\n\t\t\t\t\t\t<div\r\n        data-form-id='825067b3-2583-f011-b4cc-6045bde0b322'\r\n        data-form-api-url='https:\/\/public-eur.mkt.dynamics.com\/api\/v1.0\/orgs\/fbb5a5ca-32e4-41b4-b5eb-6f93ee4bf56a\/landingpageforms'\r\n        data-cached-form-url='https:\/\/assets-eur.mkt.dynamics.com\/fbb5a5ca-32e4-41b4-b5eb-6f93ee4bf56a\/digitalassets\/forms\/825067b3-2583-f011-b4cc-6045bde0b322' ><\/div>\r\n        <script src = 'https:\/\/cxppusa1formui01cdnsa01-endpoint.azureedge.net\/eur\/FormLoader\/FormLoader.bundle.js' ><\/script>\t\t\t\t\t<\/div>\n\t\t\t\t\t\t\t<\/div>\n\t\t<\/div>\n\t<\/div>\n<\/section>\n\n\n\t","protected":false},"excerpt":{"rendered":"","protected":false},"author":5,"featured_media":0,"parent":0,"menu_order":0,"comment_status":"closed","ping_status":"closed","template":"","meta":{"inline_featured_image":false,"footnotes":""},"acf":[],"yoast_head":"<!-- This site is optimized with the Yoast SEO plugin v21.9.1 - https:\/\/yoast.com\/wordpress\/plugins\/seo\/ -->\n<title>Smart Train Lease | Mireo Smart Z\u00fcge zum Mieten<\/title>\n<meta name=\"description\" content=\"Entdecken Sie unser Mietangebot f\u00fcr hochmoderne Regionalz\u00fcge. Die schnelle und einfache L\u00f6sung zur kurzfristigen Erg\u00e4nzung Ihres Fuhrparks.\" \/>\n<meta name=\"robots\" content=\"index, follow, max-snippet:-1, max-image-preview:large, max-video-preview:-1\" \/>\n<link rel=\"canonical\" href=\"https:\/\/www.smart-train-lease.com\/de\/\" \/>\n<meta property=\"og:locale\" content=\"de_DE\" \/>\n<meta property=\"og:type\" content=\"article\" \/>\n<meta property=\"og:title\" content=\"Smart Train Lease | Mireo Smart Z\u00fcge zum Mieten\" \/>\n<meta property=\"og:description\" content=\"Entdecken Sie unser Mietangebot f\u00fcr hochmoderne Regionalz\u00fcge. Die schnelle und einfache L\u00f6sung zur kurzfristigen Erg\u00e4nzung Ihres Fuhrparks.\" \/>\n<meta property=\"og:url\" content=\"https:\/\/www.smart-train-lease.com\/de\/\" \/>\n<meta property=\"og:site_name\" content=\"Smart Train Lease\" \/>\n<meta property=\"article:modified_time\" content=\"2026-05-05T12:44:17+00:00\" \/>\n<meta name=\"twitter:card\" content=\"summary_large_image\" \/>\n<script type=\"application\/ld+json\" class=\"yoast-schema-graph\">{\"@context\":\"https:\/\/schema.org\",\"@graph\":[{\"@type\":\"WebPage\",\"@id\":\"https:\/\/www.smart-train-lease.com\/de\/\",\"url\":\"https:\/\/www.smart-train-lease.com\/de\/\",\"name\":\"Smart Train Lease | Mireo Smart Z\u00fcge zum Mieten\",\"isPartOf\":{\"@id\":\"https:\/\/www.smart-train-lease.com\/de\/#website\"},\"datePublished\":\"2023-12-13T11:19:50+00:00\",\"dateModified\":\"2026-05-05T12:44:17+00:00\",\"description\":\"Entdecken Sie unser Mietangebot f\u00fcr hochmoderne Regionalz\u00fcge. Die schnelle und einfache L\u00f6sung zur kurzfristigen Erg\u00e4nzung Ihres Fuhrparks.\",\"breadcrumb\":{\"@id\":\"https:\/\/www.smart-train-lease.com\/de\/#breadcrumb\"},\"inLanguage\":\"de-DE\",\"potentialAction\":[{\"@type\":\"ReadAction\",\"target\":[\"https:\/\/www.smart-train-lease.com\/de\/\"]}]},{\"@type\":\"BreadcrumbList\",\"@id\":\"https:\/\/www.smart-train-lease.com\/de\/#breadcrumb\",\"itemListElement\":[{\"@type\":\"ListItem\",\"position\":1,\"name\":\"Home\",\"item\":\"https:\/\/www.smart-train-lease.com\/de\/\"},{\"@type\":\"ListItem\",\"position\":2,\"name\":\"\u00dcber Smart Train Lease\"}]},{\"@type\":\"WebSite\",\"@id\":\"https:\/\/www.smart-train-lease.com\/de\/#website\",\"url\":\"https:\/\/www.smart-train-lease.com\/de\/\",\"name\":\"Smart Train Lease\",\"description\":\"\",\"publisher\":{\"@id\":\"https:\/\/www.smart-train-lease.com\/de\/#organization\"},\"potentialAction\":[{\"@type\":\"SearchAction\",\"target\":{\"@type\":\"EntryPoint\",\"urlTemplate\":\"https:\/\/www.smart-train-lease.com\/de\/?s={search_term_string}\"},\"query-input\":\"required name=search_term_string\"}],\"inLanguage\":\"de-DE\"},{\"@type\":\"Organization\",\"@id\":\"https:\/\/www.smart-train-lease.com\/de\/#organization\",\"name\":\"Smart Train Lease\",\"url\":\"https:\/\/www.smart-train-lease.com\/de\/\",\"logo\":{\"@type\":\"ImageObject\",\"inLanguage\":\"de-DE\",\"@id\":\"https:\/\/www.smart-train-lease.com\/de\/#\/schema\/logo\/image\/\",\"url\":\"https:\/\/www.smart-train-lease.com\/wp-content\/uploads\/2023\/12\/header-logo.svg\",\"contentUrl\":\"https:\/\/www.smart-train-lease.com\/wp-content\/uploads\/2023\/12\/header-logo.svg\",\"width\":187,\"height\":40,\"caption\":\"Smart Train Lease\"},\"image\":{\"@id\":\"https:\/\/www.smart-train-lease.com\/de\/#\/schema\/logo\/image\/\"}}]}<\/script>\n<!-- \/ Yoast SEO plugin. -->","yoast_head_json":{"title":"Smart Train Lease | Mireo Smart Z\u00fcge zum Mieten","description":"Entdecken Sie unser Mietangebot f\u00fcr hochmoderne Regionalz\u00fcge. Die schnelle und einfache L\u00f6sung zur kurzfristigen Erg\u00e4nzung Ihres Fuhrparks.","robots":{"index":"index","follow":"follow","max-snippet":"max-snippet:-1","max-image-preview":"max-image-preview:large","max-video-preview":"max-video-preview:-1"},"canonical":"https:\/\/www.smart-train-lease.com\/de\/","og_locale":"de_DE","og_type":"article","og_title":"Smart Train Lease | Mireo Smart Z\u00fcge zum Mieten","og_description":"Entdecken Sie unser Mietangebot f\u00fcr hochmoderne Regionalz\u00fcge. Die schnelle und einfache L\u00f6sung zur kurzfristigen Erg\u00e4nzung Ihres Fuhrparks.","og_url":"https:\/\/www.smart-train-lease.com\/de\/","og_site_name":"Smart Train Lease","article_modified_time":"2026-05-05T12:44:17+00:00","twitter_card":"summary_large_image","schema":{"@context":"https:\/\/schema.org","@graph":[{"@type":"WebPage","@id":"https:\/\/www.smart-train-lease.com\/de\/","url":"https:\/\/www.smart-train-lease.com\/de\/","name":"Smart Train Lease | Mireo Smart Z\u00fcge zum Mieten","isPartOf":{"@id":"https:\/\/www.smart-train-lease.com\/de\/#website"},"datePublished":"2023-12-13T11:19:50+00:00","dateModified":"2026-05-05T12:44:17+00:00","description":"Entdecken Sie unser Mietangebot f\u00fcr hochmoderne Regionalz\u00fcge. Die schnelle und einfache L\u00f6sung zur kurzfristigen Erg\u00e4nzung Ihres Fuhrparks.","breadcrumb":{"@id":"https:\/\/www.smart-train-lease.com\/de\/#breadcrumb"},"inLanguage":"de-DE","potentialAction":[{"@type":"ReadAction","target":["https:\/\/www.smart-train-lease.com\/de\/"]}]},{"@type":"BreadcrumbList","@id":"https:\/\/www.smart-train-lease.com\/de\/#breadcrumb","itemListElement":[{"@type":"ListItem","position":1,"name":"Home","item":"https:\/\/www.smart-train-lease.com\/de\/"},{"@type":"ListItem","position":2,"name":"\u00dcber Smart Train Lease"}]},{"@type":"WebSite","@id":"https:\/\/www.smart-train-lease.com\/de\/#website","url":"https:\/\/www.smart-train-lease.com\/de\/","name":"Smart Train Lease","description":"","publisher":{"@id":"https:\/\/www.smart-train-lease.com\/de\/#organization"},"potentialAction":[{"@type":"SearchAction","target":{"@type":"EntryPoint","urlTemplate":"https:\/\/www.smart-train-lease.com\/de\/?s={search_term_string}"},"query-input":"required name=search_term_string"}],"inLanguage":"de-DE"},{"@type":"Organization","@id":"https:\/\/www.smart-train-lease.com\/de\/#organization","name":"Smart Train Lease","url":"https:\/\/www.smart-train-lease.com\/de\/","logo":{"@type":"ImageObject","inLanguage":"de-DE","@id":"https:\/\/www.smart-train-lease.com\/de\/#\/schema\/logo\/image\/","url":"https:\/\/www.smart-train-lease.com\/wp-content\/uploads\/2023\/12\/header-logo.svg","contentUrl":"https:\/\/www.smart-train-lease.com\/wp-content\/uploads\/2023\/12\/header-logo.svg","width":187,"height":40,"caption":"Smart Train Lease"},"image":{"@id":"https:\/\/www.smart-train-lease.com\/de\/#\/schema\/logo\/image\/"}}]}},"_links":{"self":[{"href":"https:\/\/www.smart-train-lease.com\/de\/wp-json\/wp\/v2\/pages\/110"}],"collection":[{"href":"https:\/\/www.smart-train-lease.com\/de\/wp-json\/wp\/v2\/pages"}],"about":[{"href":"https:\/\/www.smart-train-lease.com\/de\/wp-json\/wp\/v2\/types\/page"}],"author":[{"embeddable":true,"href":"https:\/\/www.smart-train-lease.com\/de\/wp-json\/wp\/v2\/users\/5"}],"replies":[{"embeddable":true,"href":"https:\/\/www.smart-train-lease.com\/de\/wp-json\/wp\/v2\/comments?post=110"}],"version-history":[{"count":93,"href":"https:\/\/www.smart-train-lease.com\/de\/wp-json\/wp\/v2\/pages\/110\/revisions"}],"predecessor-version":[{"id":1534,"href":"https:\/\/www.smart-train-lease.com\/de\/wp-json\/wp\/v2\/pages\/110\/revisions\/1534"}],"wp:attachment":[{"href":"https:\/\/www.smart-train-lease.com\/de\/wp-json\/wp\/v2\/media?parent=110"}],"curies":[{"name":"wp","href":"https:\/\/api.w.org\/{rel}","templated":true}]}}