{"id":1339,"date":"2026-04-29T09:39:53","date_gmt":"2026-04-29T09:39:53","guid":{"rendered":"https:\/\/www.smart-train-lease.com\/?page_id=1339"},"modified":"2026-05-05T12:38:21","modified_gmt":"2026-05-05T12:38:21","slug":"referenzen","status":"publish","type":"page","link":"https:\/\/www.smart-train-lease.com\/de\/referenzen\/","title":{"rendered":"Referenzen"},"content":{"rendered":"\t\t<section class=\"snk-stage snk-bg_3\">\n\t\t\t<div class=\"container\">\n\t\t\t\t<div class=\"row\">\n\t\t\t\t\t<div class=\"col-12 col-lg-6\">\n\t\t\t\t\t\t<div class=\"snk-stage-copy\">\n\t\t\t\t\t\t\t\t\t\t\t\t\t\t\t<div class=\"snk-roofline\">Unsere Kunden<\/div>\n\t\t\t\t\t\t\t\n\t\t\t\t\t\t\t\t\t\t\t\t\t\t\t<h1 class=\"snk-h1-display\">Gemeinsam f\u00fcr die Mobilit\u00e4t von morgen<\/h1>\n\t\t\t\t\t\t\t\n\t\t\t\t\t\t\t\t\t\t\t\t\t\t\t<p class=\"snk-text_xl\">Bei Smart Train Lease bauen wir auf langfristige, vertrauensvolle Partnerschaften. Gemeinsam mit unseren Kunden entwickeln wir ma\u00dfgeschneiderte Mietl\u00f6sungen, die exakt auf die Mobilit\u00e4tsbed\u00fcrfnisse von morgen zugeschnitten sind. Wir sind stolz auf die starken und vertrauensvollen Beziehungen, die wir mit jedem unserer Kunden pflegen.<\/p>\n\t\t\t\t\t\t\t\n\t\t\t\t\t\t\t\t\t\t\t\t\t<\/div>\n\t\t\t\t\t<\/div>\n\t\t\t\t\t\t\t\t\t\t\t<div class=\"col-12 col-lg-6\">\n\t\t\t\t\t\t<div class=\"snk-stage-image snk-stage-image_padTop\">\n\t\t\t\t\t\t\t<picture>\n\t\t\t\t\t\t\t\t<source media=\"(max-width: 1023px)\" srcset=\"https:\/\/www.smart-train-lease.com\/wp-content\/uploads\/2026\/01\/cards-example-2.webp\" \/>\n\t\t\t\t\t\t\t\t<source media=\"(min-width: 1024px)\" srcset=\"https:\/\/www.smart-train-lease.com\/wp-content\/uploads\/2026\/01\/cards-example-2.webp\" \/>\n\t\t\t\t\t\t\t\t<img decoding=\"async\" src=\"https:\/\/www.smart-train-lease.com\/wp-content\/uploads\/2026\/01\/cards-example-2.webp\" alt=\"\" title=\"cards-example-2\" \/>\n\t\t\t\t\t\t\t<\/picture>\n\t\t\t\t\t\t<\/div>\n\t\t\t\t\t<\/div>\n\t\t\t\t\t\t\t\t\t\t\n\t\t\t\t<\/div>\n\t\t\t<\/div>\n\t\t<\/section>\n\n\t\t\n\n\t<section class=\"snk-textTeaser snk-section snk-textTeaser_list snk-section-text snk_bg-1  snk-section_noBtn\">\n\t\t<div class=\"container\">\n\t\t\t<div class=\"row\">\n\n\t\t\t\t<div class=\"col-lg-5 col-xl-5 snk-textTeaser-left\">\n\t\t\t\t\t\t\t\t\t\t\t<h2 class=\"snk-h1\">Unsere Kunden:<\/h2>\n\t\t\t\t\t\t\t\t\t\t\t\t\t\t\t\t\t\t\t<\/div>\n\n\t\t\t\t\t\t\t\t<div class=\"col-lg-7 offset-xl-1 col-xl-6 snk-textTeaser-right\">\n\n\t\t\t\t\t<div class=\"row\">\n\n\t\t\t\t\t\n\t\t\t\t\t\t<div class=\"col-12\">\n\n\t\t\t\t\t\t\t<div class=\"snk-textTeaser-block\">\n\t\t\t\t\t\t\t\t\t\t\t\t\t\t\t\t\t\t\t\t\t\t\t\t\t<h5>Ihre Erfolgsgeschichten sind unser Erfolg<\/h5>\t\t\t\t\t\t\t\t\t\t\t\t\t\t\t\t\t\t\t\t\t\t\t\t\t<p>Auf dieser Seite m\u00f6chten wir Ihnen eine Auswahl unserer gesch\u00e4tzten Kunden vorstellen. Sie alle vertrauen auf unsere Expertise, Zuverl\u00e4ssigkeit und unsere flexiblen Vermietungen. Erfahren Sie, wie wir gemeinsam den Schienenverkehr effizienter, nachhaltiger und zukunftssicherer gestalten.<\/p>\n<p>Jede Zusammenarbeit ist einzigartig, und wir sind begeistert von den Erfolgen, die wir gemeinsam erzielen konnten. <span lang=\"EN-US\">Lassen Sie sich von unseren Referenzen inspirieren!<\/span><\/p>\n\t\t\t\t\t\t\t\t\t\t\t\t\t\t\t\t\t\t\t\t\t\t\t\t\t<a class=\"snk-btn-primary\" href=\"#Jetzt-Kontakt-aufnehmen\"\n\t\t\t\t\t\t\t\t\t\ttarget=\"_self\">\n\t\t\t\t\t\t\t\t\t\t<span>Jetzt auch Kunde werden<\/span>\n\t\t\t\t\t\t\t\t\t\t<svg xmlns=\"http:\/\/www.w3.org\/2000\/svg\" width=\"18\" height=\"18\" fill=\"none\" viewBox=\"0 0 18 18\">\n    <path fill=\"currentColor\" d=\"m10.662 14.25-.949-1.08 3.437-3.799H2.25V7.88h10.9l-3.437-3.8L10.662 3l5.088 5.625-5.088 5.625Z\"\/>\n<\/svg>\t\t\t\t\t\t\t\t\t<\/a>\n\t\t\t\t\t\t\t\t\t\t\t\t\t\t\t<\/div>\n\n\t\t\t\t\t\t<\/div>\n\n\t\t\t\t\t\n\t\t\t\t\t<\/div>\n\n\t\t\t\t<\/div>\n\t\t\t\t\n\t\t\t<\/div>\n\t\t<\/div>\n\t<\/section>\n\n\t\n\n\t<section class=\"snk-section\" id='kunden'>\n\t\t<div class=\"container\">\n\t\t\t<div class=\"row\">\n\t\t\t\t\n\t\t\t\t\t\t\t\t\t<div class=\"snk-post-type snk-post-kunden col-lg-4\">\n\t\t\t\t\t\t<article class=\"snk-post-card\">\n\t\t\t\t\t\t\t<div class=\"snk-post-image\">\n\t\t\t\t\t\t\t\t<a href=\"https:\/\/www.smart-train-lease.com\/de\/kunden\/hessische-landesbahn-gmbh-hlb\/\">\n\t\t\t\t\t\t\t\t\t\t\t\t\t\t\t\t\t\t\t<img decoding=\"async\" width=\"786\" height=\"642\" src=\"https:\/\/www.smart-train-lease.com\/wp-content\/uploads\/2026\/03\/Header_Stage_Hessische-Landesbahn_Mobile.webp\" class=\"attachment-full size-full wp-post-image\" alt=\"\" loading=\"lazy\" srcset=\"https:\/\/www.smart-train-lease.com\/wp-content\/uploads\/2026\/03\/Header_Stage_Hessische-Landesbahn_Mobile.webp 786w, https:\/\/www.smart-train-lease.com\/wp-content\/uploads\/2026\/03\/Header_Stage_Hessische-Landesbahn_Mobile-300x245.webp 300w, https:\/\/www.smart-train-lease.com\/wp-content\/uploads\/2026\/03\/Header_Stage_Hessische-Landesbahn_Mobile-768x627.webp 768w\" sizes=\"(max-width: 786px) 100vw, 786px\" \/>\t\t\t\t\t\t\t\t\t\t\t\t\t\t\t\t\t<\/a>\n\t\t\t\t\t\t\t<\/div>\n\n\t\t\t\t\t\t\t<div class=\"snk-post-content\">\n\t\t\t\t\t\t\t\t\n\t\t\t\t\t\t\t\t<h3 class=\"snk-post-title\">\n\t\t\t\t\t\t\t\t\t<a href=\"https:\/\/www.smart-train-lease.com\/de\/kunden\/hessische-landesbahn-gmbh-hlb\/\">\n\t\t\t\t\t\t\t\t\t\tHessische Landesbahn GmbH (HLB)\t\t\t\t\t\t\t\t\t<\/a>\n\t\t\t\t\t\t\t\t<\/h3>\n\n\t\t\t\t\t\t\t\t<div class=\"snk-post-excerpt\">\n\t\t\t\t\t\t\t\t\t<p>Die Hessische Landesbahn GmbH ist ein bedeutendes Verkehrsunternehmen, das mit seinen Linien in ganz Hessen und angrenzenden Bundesl\u00e4ndern f\u00fcr einen zuverl\u00e4ssigen Schienenverkehr sorgt. Mit unseren flexiblen L\u00f6sungen unterst\u00fctzen wir die HLB dabei, ihren Fahrg\u00e4sten eine komfortable und p\u00fcnktliche Reise zu erm\u00f6glichen.<\/p>\n\t\t\t\t\t\t\t\t<\/div>\n\n\t\t\t\t\t\t\t\t<a class=\"snk-post-cta\" href=\"https:\/\/www.smart-train-lease.com\/de\/kunden\/hessische-landesbahn-gmbh-hlb\/\">\n\t\t\t\t\t\t\t\t\t<svg width=\"56\" height=\"56\" viewBox=\"0 0 56 56\" fill=\"none\" xmlns=\"http:\/\/www.w3.org\/2000\/svg\">\n\t\t\t\t\t\t\t\t\t\t<rect width=\"56\" height=\"56\" rx=\"28\" fill=\"#E0FA8A\"\/>\n\t\t\t\t\t\t\t\t\t\t<mask id=\"mask0_3113_2746\" style=\"mask-type:alpha\" maskUnits=\"userSpaceOnUse\" x=\"16\" y=\"16\" width=\"24\" height=\"24\">\n\t\t\t\t\t\t\t\t\t\t\t<rect x=\"16\" y=\"16\" width=\"24\" height=\"24\" fill=\"#D9D9D9\"\/>\n\t\t\t\t\t\t\t\t\t\t<\/mask>\n\t\t\t\t\t\t\t\t\t\t<g mask=\"url(#mask0_3113_2746)\">\n\t\t\t\t\t\t\t\t\t\t\t<path d=\"M30.2154 35L28.9508 33.5612L33.5339 28.4949H19V26.5051H33.5339L28.9508 21.4388L30.2154 20L37 27.5L30.2154 35Z\" fill=\"#2F313B\"\/>\n\t\t\t\t\t\t\t\t\t\t<\/g>\n\t\t\t\t\t\t\t\t\t<\/svg>\n\t\t\t\t\t\t\t\t<\/a>\n\t\t\t\t\t\t\t<\/div>\n\t\t\t\t\t\t<\/article>\n\t\t\t\t\t<\/div>\n\t\t\t\t\t\t\t\t\t<div class=\"snk-post-type snk-post-kunden col-lg-4\">\n\t\t\t\t\t\t<article class=\"snk-post-card\">\n\t\t\t\t\t\t\t<div class=\"snk-post-image\">\n\t\t\t\t\t\t\t\t<a href=\"https:\/\/www.smart-train-lease.com\/de\/kunden\/niederbarnimer-eisenbahn-neb\/\">\n\t\t\t\t\t\t\t\t\t\t\t\t\t\t\t\t\t\t\t<img decoding=\"async\" width=\"786\" height=\"642\" src=\"https:\/\/www.smart-train-lease.com\/wp-content\/uploads\/2026\/03\/Header-Stage_NEB_Mobile.webp\" class=\"attachment-full size-full wp-post-image\" alt=\"\" loading=\"lazy\" srcset=\"https:\/\/www.smart-train-lease.com\/wp-content\/uploads\/2026\/03\/Header-Stage_NEB_Mobile.webp 786w, https:\/\/www.smart-train-lease.com\/wp-content\/uploads\/2026\/03\/Header-Stage_NEB_Mobile-300x245.webp 300w, https:\/\/www.smart-train-lease.com\/wp-content\/uploads\/2026\/03\/Header-Stage_NEB_Mobile-768x627.webp 768w\" sizes=\"(max-width: 786px) 100vw, 786px\" \/>\t\t\t\t\t\t\t\t\t\t\t\t\t\t\t\t\t<\/a>\n\t\t\t\t\t\t\t<\/div>\n\n\t\t\t\t\t\t\t<div class=\"snk-post-content\">\n\t\t\t\t\t\t\t\t\n\t\t\t\t\t\t\t\t<h3 class=\"snk-post-title\">\n\t\t\t\t\t\t\t\t\t<a href=\"https:\/\/www.smart-train-lease.com\/de\/kunden\/niederbarnimer-eisenbahn-neb\/\">\n\t\t\t\t\t\t\t\t\t\tNiederbarnimer Eisenbahn (NEB)\t\t\t\t\t\t\t\t\t<\/a>\n\t\t\t\t\t\t\t\t<\/h3>\n\n\t\t\t\t\t\t\t\t<div class=\"snk-post-excerpt\">\n\t\t\t\t\t\t\t\t\t<p>Unser Erstkunde, die Niederbarnimer Eisenbahn (NEB), ist ein zentraler Akteur im Schienenpersonennahverkehr im Gro\u00dfraum Berlin-Brandenburg. Mit unserem flexiblen Vermietungskonzept hatten wir die NEB dabei unterst\u00fctzt, ihre Flotte bedarfsgerecht zu erweitern \u2013 ein wichtiger Beitrag zu einem zukunftsf\u00e4higen und modernen Nahverkehr. <\/p>\n\t\t\t\t\t\t\t\t<\/div>\n\n\t\t\t\t\t\t\t\t<a class=\"snk-post-cta\" href=\"https:\/\/www.smart-train-lease.com\/de\/kunden\/niederbarnimer-eisenbahn-neb\/\">\n\t\t\t\t\t\t\t\t\t<svg width=\"56\" height=\"56\" viewBox=\"0 0 56 56\" fill=\"none\" xmlns=\"http:\/\/www.w3.org\/2000\/svg\">\n\t\t\t\t\t\t\t\t\t\t<rect width=\"56\" height=\"56\" rx=\"28\" fill=\"#E0FA8A\"\/>\n\t\t\t\t\t\t\t\t\t\t<mask id=\"mask0_3113_2746\" style=\"mask-type:alpha\" maskUnits=\"userSpaceOnUse\" x=\"16\" y=\"16\" width=\"24\" height=\"24\">\n\t\t\t\t\t\t\t\t\t\t\t<rect x=\"16\" y=\"16\" width=\"24\" height=\"24\" fill=\"#D9D9D9\"\/>\n\t\t\t\t\t\t\t\t\t\t<\/mask>\n\t\t\t\t\t\t\t\t\t\t<g mask=\"url(#mask0_3113_2746)\">\n\t\t\t\t\t\t\t\t\t\t\t<path d=\"M30.2154 35L28.9508 33.5612L33.5339 28.4949H19V26.5051H33.5339L28.9508 21.4388L30.2154 20L37 27.5L30.2154 35Z\" fill=\"#2F313B\"\/>\n\t\t\t\t\t\t\t\t\t\t<\/g>\n\t\t\t\t\t\t\t\t\t<\/svg>\n\t\t\t\t\t\t\t\t<\/a>\n\t\t\t\t\t\t\t<\/div>\n\t\t\t\t\t\t<\/article>\n\t\t\t\t\t<\/div>\n\t\t\t\t\t\t\t\t\t<div class=\"snk-post-type snk-post-kunden col-lg-4\">\n\t\t\t\t\t\t<article class=\"snk-post-card\">\n\t\t\t\t\t\t\t<div class=\"snk-post-image\">\n\t\t\t\t\t\t\t\t<a href=\"https:\/\/www.smart-train-lease.com\/de\/kunden\/regiobahn-fahrbetriebsgesellschaft-mbh\/\">\n\t\t\t\t\t\t\t\t\t\t\t\t\t\t\t\t\t\t\t<img decoding=\"async\" width=\"786\" height=\"642\" src=\"https:\/\/www.smart-train-lease.com\/wp-content\/uploads\/2026\/04\/Neu29042026_Header_Stage_Regiobahn_Mobile.webp\" class=\"attachment-full size-full wp-post-image\" alt=\"Regiobahn\" loading=\"lazy\" srcset=\"https:\/\/www.smart-train-lease.com\/wp-content\/uploads\/2026\/04\/Neu29042026_Header_Stage_Regiobahn_Mobile.webp 786w, https:\/\/www.smart-train-lease.com\/wp-content\/uploads\/2026\/04\/Neu29042026_Header_Stage_Regiobahn_Mobile-300x245.webp 300w, https:\/\/www.smart-train-lease.com\/wp-content\/uploads\/2026\/04\/Neu29042026_Header_Stage_Regiobahn_Mobile-768x627.webp 768w\" sizes=\"(max-width: 786px) 100vw, 786px\" \/>\t\t\t\t\t\t\t\t\t\t\t\t\t\t\t\t\t<\/a>\n\t\t\t\t\t\t\t<\/div>\n\n\t\t\t\t\t\t\t<div class=\"snk-post-content\">\n\t\t\t\t\t\t\t\t\n\t\t\t\t\t\t\t\t<h3 class=\"snk-post-title\">\n\t\t\t\t\t\t\t\t\t<a href=\"https:\/\/www.smart-train-lease.com\/de\/kunden\/regiobahn-fahrbetriebsgesellschaft-mbh\/\">\n\t\t\t\t\t\t\t\t\t\tRegiobahn Fahrbetriebsgesellschaft MbH\t\t\t\t\t\t\t\t\t<\/a>\n\t\t\t\t\t\t\t\t<\/h3>\n\n\t\t\t\t\t\t\t\t<div class=\"snk-post-excerpt\">\n\t\t\t\t\t\t\t\t\t<p>Im Gro\u00dfraum D\u00fcsseldorf\/Mettmann setzt die Regiobahn auf unsere flexible Leasingl\u00f6sung, um einen zuverl\u00e4ssigen und zukunftsf\u00e4higen Nahverkehr sicherzustellen. Gemeinsam stellen wir die Weichen f\u00fcr einen emissionsfreien Schienenverkehr ab Sommer 2026 und setzen damit neue Ma\u00dfst\u00e4be f\u00fcr nachhaltige Mobilit\u00e4t.<\/p>\n\t\t\t\t\t\t\t\t<\/div>\n\n\t\t\t\t\t\t\t\t<a class=\"snk-post-cta\" href=\"https:\/\/www.smart-train-lease.com\/de\/kunden\/regiobahn-fahrbetriebsgesellschaft-mbh\/\">\n\t\t\t\t\t\t\t\t\t<svg width=\"56\" height=\"56\" viewBox=\"0 0 56 56\" fill=\"none\" xmlns=\"http:\/\/www.w3.org\/2000\/svg\">\n\t\t\t\t\t\t\t\t\t\t<rect width=\"56\" height=\"56\" rx=\"28\" fill=\"#E0FA8A\"\/>\n\t\t\t\t\t\t\t\t\t\t<mask id=\"mask0_3113_2746\" style=\"mask-type:alpha\" maskUnits=\"userSpaceOnUse\" x=\"16\" y=\"16\" width=\"24\" height=\"24\">\n\t\t\t\t\t\t\t\t\t\t\t<rect x=\"16\" y=\"16\" width=\"24\" height=\"24\" fill=\"#D9D9D9\"\/>\n\t\t\t\t\t\t\t\t\t\t<\/mask>\n\t\t\t\t\t\t\t\t\t\t<g mask=\"url(#mask0_3113_2746)\">\n\t\t\t\t\t\t\t\t\t\t\t<path d=\"M30.2154 35L28.9508 33.5612L33.5339 28.4949H19V26.5051H33.5339L28.9508 21.4388L30.2154 20L37 27.5L30.2154 35Z\" fill=\"#2F313B\"\/>\n\t\t\t\t\t\t\t\t\t\t<\/g>\n\t\t\t\t\t\t\t\t\t<\/svg>\n\t\t\t\t\t\t\t\t<\/a>\n\t\t\t\t\t\t\t<\/div>\n\t\t\t\t\t\t<\/article>\n\t\t\t\t\t<\/div>\n\t\t\t\t\t\t\t\t\t<div class=\"snk-post-type snk-post-kunden col-lg-4\">\n\t\t\t\t\t\t<article class=\"snk-post-card\">\n\t\t\t\t\t\t\t<div class=\"snk-post-image\">\n\t\t\t\t\t\t\t\t<a href=\"https:\/\/www.smart-train-lease.com\/de\/kunden\/s-bahn-hannover-transdev\/\">\n\t\t\t\t\t\t\t\t\t\t\t\t\t\t\t\t\t\t\t<img decoding=\"async\" width=\"786\" height=\"642\" src=\"https:\/\/www.smart-train-lease.com\/wp-content\/uploads\/2026\/04\/Header-Stage_Transdev_SBahn-Hannover_Mobile.webp\" class=\"attachment-full size-full wp-post-image\" alt=\"Header Stage_Transdev_SBahn Hannover_Mobile\" loading=\"lazy\" srcset=\"https:\/\/www.smart-train-lease.com\/wp-content\/uploads\/2026\/04\/Header-Stage_Transdev_SBahn-Hannover_Mobile.webp 786w, https:\/\/www.smart-train-lease.com\/wp-content\/uploads\/2026\/04\/Header-Stage_Transdev_SBahn-Hannover_Mobile-300x245.webp 300w, https:\/\/www.smart-train-lease.com\/wp-content\/uploads\/2026\/04\/Header-Stage_Transdev_SBahn-Hannover_Mobile-768x627.webp 768w\" sizes=\"(max-width: 786px) 100vw, 786px\" \/>\t\t\t\t\t\t\t\t\t\t\t\t\t\t\t\t\t<\/a>\n\t\t\t\t\t\t\t<\/div>\n\n\t\t\t\t\t\t\t<div class=\"snk-post-content\">\n\t\t\t\t\t\t\t\t\n\t\t\t\t\t\t\t\t<h3 class=\"snk-post-title\">\n\t\t\t\t\t\t\t\t\t<a href=\"https:\/\/www.smart-train-lease.com\/de\/kunden\/s-bahn-hannover-transdev\/\">\n\t\t\t\t\t\t\t\t\t\tS-Bahn Hannover (Transdev)\t\t\t\t\t\t\t\t\t<\/a>\n\t\t\t\t\t\t\t\t<\/h3>\n\n\t\t\t\t\t\t\t\t<div class=\"snk-post-excerpt\">\n\t\t\t\t\t\t\t\t\t<p>Die S-Bahn Hannover, betrieben von der Transdev Hannover GmbH, einer Tochtergesellschaft der Transdev Holding \u2013 einem der gr\u00f6\u00dften Mobilit\u00e4tsunternehmen Deutschlands \u2013 steht f\u00fcr zuverl\u00e4ssige Mobilit\u00e4t in der Region. Mit unseren flexiblen L\u00f6sungen unterst\u00fctzen wir die S-Bahn Hannover dabei, Fahrzeugengp\u00e4sse zu \u00fcberbr\u00fccken, die Flottenverf\u00fcgbarkeit nachhaltig zu verbessern und daf\u00fcr zu sorgen, dass der Nahverkehr leistungsf\u00e4hig und zukunftssicher bleibt.<\/p>\n\t\t\t\t\t\t\t\t<\/div>\n\n\t\t\t\t\t\t\t\t<a class=\"snk-post-cta\" href=\"https:\/\/www.smart-train-lease.com\/de\/kunden\/s-bahn-hannover-transdev\/\">\n\t\t\t\t\t\t\t\t\t<svg width=\"56\" height=\"56\" viewBox=\"0 0 56 56\" fill=\"none\" xmlns=\"http:\/\/www.w3.org\/2000\/svg\">\n\t\t\t\t\t\t\t\t\t\t<rect width=\"56\" height=\"56\" rx=\"28\" fill=\"#E0FA8A\"\/>\n\t\t\t\t\t\t\t\t\t\t<mask id=\"mask0_3113_2746\" style=\"mask-type:alpha\" maskUnits=\"userSpaceOnUse\" x=\"16\" y=\"16\" width=\"24\" height=\"24\">\n\t\t\t\t\t\t\t\t\t\t\t<rect x=\"16\" y=\"16\" width=\"24\" height=\"24\" fill=\"#D9D9D9\"\/>\n\t\t\t\t\t\t\t\t\t\t<\/mask>\n\t\t\t\t\t\t\t\t\t\t<g mask=\"url(#mask0_3113_2746)\">\n\t\t\t\t\t\t\t\t\t\t\t<path d=\"M30.2154 35L28.9508 33.5612L33.5339 28.4949H19V26.5051H33.5339L28.9508 21.4388L30.2154 20L37 27.5L30.2154 35Z\" fill=\"#2F313B\"\/>\n\t\t\t\t\t\t\t\t\t\t<\/g>\n\t\t\t\t\t\t\t\t\t<\/svg>\n\t\t\t\t\t\t\t\t<\/a>\n\t\t\t\t\t\t\t<\/div>\n\t\t\t\t\t\t<\/article>\n\t\t\t\t\t<\/div>\n\t\t\t\t\t\t\t\t\t<div class=\"snk-post-type snk-post-kunden col-lg-4\">\n\t\t\t\t\t\t<article class=\"snk-post-card\">\n\t\t\t\t\t\t\t<div class=\"snk-post-image\">\n\t\t\t\t\t\t\t\t<a href=\"https:\/\/www.smart-train-lease.com\/de\/kunden\/trans-regio-deutsche-regionalbahn-gmbh\/\">\n\t\t\t\t\t\t\t\t\t\t\t\t\t\t\t\t\t\t\t<img decoding=\"async\" width=\"786\" height=\"642\" src=\"https:\/\/www.smart-train-lease.com\/wp-content\/uploads\/2026\/04\/Header-Stage_TransRegio_Desktop_Mobile.webp\" class=\"attachment-full size-full wp-post-image\" alt=\"\" loading=\"lazy\" srcset=\"https:\/\/www.smart-train-lease.com\/wp-content\/uploads\/2026\/04\/Header-Stage_TransRegio_Desktop_Mobile.webp 786w, https:\/\/www.smart-train-lease.com\/wp-content\/uploads\/2026\/04\/Header-Stage_TransRegio_Desktop_Mobile-300x245.webp 300w, https:\/\/www.smart-train-lease.com\/wp-content\/uploads\/2026\/04\/Header-Stage_TransRegio_Desktop_Mobile-768x627.webp 768w\" sizes=\"(max-width: 786px) 100vw, 786px\" \/>\t\t\t\t\t\t\t\t\t\t\t\t\t\t\t\t\t<\/a>\n\t\t\t\t\t\t\t<\/div>\n\n\t\t\t\t\t\t\t<div class=\"snk-post-content\">\n\t\t\t\t\t\t\t\t\n\t\t\t\t\t\t\t\t<h3 class=\"snk-post-title\">\n\t\t\t\t\t\t\t\t\t<a href=\"https:\/\/www.smart-train-lease.com\/de\/kunden\/trans-regio-deutsche-regionalbahn-gmbh\/\">\n\t\t\t\t\t\t\t\t\t\tTrans Regio Deutsche Regionalbahn GmbH\t\t\t\t\t\t\t\t\t<\/a>\n\t\t\t\t\t\t\t\t<\/h3>\n\n\t\t\t\t\t\t\t\t<div class=\"snk-post-excerpt\">\n\t\t\t\t\t\t\t\t\t<p>Als Teil der Transdev-Gruppe sorgt die Trans Regio Deutsche Regionalbahn GmbH f\u00fcr leistungsf\u00e4hige regionale Verbindungen im Rheinland. Zusammen haben wir dazu beigetragen, den Betrieb auch unter herausfordernden Bedingungen zuverl\u00e4ssig sicherzustellen \u2013 unter anderem durch die schnelle Bereitstellung moderner Fahrzeuge f\u00fcr das Ahrtal. Dabei setzen wir auf Stabilit\u00e4t, Qualit\u00e4t und zukunftsf\u00e4hige Mobilit\u00e4t.<\/p>\n\t\t\t\t\t\t\t\t<\/div>\n\n\t\t\t\t\t\t\t\t<a class=\"snk-post-cta\" href=\"https:\/\/www.smart-train-lease.com\/de\/kunden\/trans-regio-deutsche-regionalbahn-gmbh\/\">\n\t\t\t\t\t\t\t\t\t<svg width=\"56\" height=\"56\" viewBox=\"0 0 56 56\" fill=\"none\" xmlns=\"http:\/\/www.w3.org\/2000\/svg\">\n\t\t\t\t\t\t\t\t\t\t<rect width=\"56\" height=\"56\" rx=\"28\" fill=\"#E0FA8A\"\/>\n\t\t\t\t\t\t\t\t\t\t<mask id=\"mask0_3113_2746\" style=\"mask-type:alpha\" maskUnits=\"userSpaceOnUse\" x=\"16\" y=\"16\" width=\"24\" height=\"24\">\n\t\t\t\t\t\t\t\t\t\t\t<rect x=\"16\" y=\"16\" width=\"24\" height=\"24\" fill=\"#D9D9D9\"\/>\n\t\t\t\t\t\t\t\t\t\t<\/mask>\n\t\t\t\t\t\t\t\t\t\t<g mask=\"url(#mask0_3113_2746)\">\n\t\t\t\t\t\t\t\t\t\t\t<path d=\"M30.2154 35L28.9508 33.5612L33.5339 28.4949H19V26.5051H33.5339L28.9508 21.4388L30.2154 20L37 27.5L30.2154 35Z\" fill=\"#2F313B\"\/>\n\t\t\t\t\t\t\t\t\t\t<\/g>\n\t\t\t\t\t\t\t\t\t<\/svg>\n\t\t\t\t\t\t\t\t<\/a>\n\t\t\t\t\t\t\t<\/div>\n\t\t\t\t\t\t<\/article>\n\t\t\t\t\t<\/div>\n\t\t\t\t\t\t\t<\/div>\n\t\t<\/div>\n\t<\/section>\n\t\n\n\n\n<section class=\"snk-section snk-section_slim snk-formComponent snk-bg_3\" id='Jetzt-Kontakt-aufnehmen'>\n\t<div class=\"container\">\n\t\t<div class=\"row\">\n\t\t\t<div class=\"col-lg-10 col-xl-6 offset-lg-1 offset-xl-3 \">\n\t\t\t\t<h2 class=\"snk-h2\">Jetzt Kontakt aufnehmen<\/h2>\t\t\t\t\t\t\t\t\t\t\t\t<div class=\"snk-formComponent-desc\">\n\t\t\t\t\t<p>Schicken Sie uns Ihre Anfrage \u00fcber dieses Formular. Unser Team steht Ihnen gerne zur Verf\u00fcgung, um Ihre Anfrage zu beantworten.<\/p>\n<p>Smart Train Lease GmbH<br \/>\nE-Mail: <a href=\"mailto:contact@smart-train-lease.com\" data-ste-link-id=\"1565220983.page\/primary\/post-128:1142738748.act@smart-train-lease.com:3123605528\">contact@smart-train-lease.com<\/a><\/p>\n\t\t\t\t<\/div>\n\t\t\t\t\t\t\t\t\t\t\t\t\t<div  class=\"snk-formComponent-code\">\n\t\t\t\t\t\t<div\r\n        data-form-id='825067b3-2583-f011-b4cc-6045bde0b322'\r\n        data-form-api-url='https:\/\/public-eur.mkt.dynamics.com\/api\/v1.0\/orgs\/fbb5a5ca-32e4-41b4-b5eb-6f93ee4bf56a\/landingpageforms'\r\n        data-cached-form-url='https:\/\/assets-eur.mkt.dynamics.com\/fbb5a5ca-32e4-41b4-b5eb-6f93ee4bf56a\/digitalassets\/forms\/825067b3-2583-f011-b4cc-6045bde0b322' ><\/div>\r\n        <script src = 'https:\/\/cxppusa1formui01cdnsa01-endpoint.azureedge.net\/eur\/FormLoader\/FormLoader.bundle.js' ><\/script>\t\t\t\t\t<\/div>\n\t\t\t\t\t\t\t<\/div>\n\t\t<\/div>\n\t<\/div>\n<\/section>\n\n\n\t","protected":false},"excerpt":{"rendered":"","protected":false},"author":12,"featured_media":0,"parent":0,"menu_order":0,"comment_status":"closed","ping_status":"closed","template":"","meta":{"inline_featured_image":false,"footnotes":""},"acf":[],"yoast_head":"<!-- This site is optimized with the Yoast SEO plugin v21.9.1 - https:\/\/yoast.com\/wordpress\/plugins\/seo\/ -->\n<title>Referenzen - Smart Train Lease<\/title>\n<meta name=\"robots\" content=\"index, follow, max-snippet:-1, max-image-preview:large, max-video-preview:-1\" \/>\n<link rel=\"canonical\" href=\"https:\/\/www.smart-train-lease.com\/de\/referenzen\/\" \/>\n<meta property=\"og:locale\" content=\"de_DE\" \/>\n<meta property=\"og:type\" content=\"article\" \/>\n<meta property=\"og:title\" content=\"Referenzen - Smart Train Lease\" \/>\n<meta property=\"og:url\" content=\"https:\/\/www.smart-train-lease.com\/de\/referenzen\/\" \/>\n<meta property=\"og:site_name\" content=\"Smart Train Lease\" \/>\n<meta property=\"article:modified_time\" content=\"2026-05-05T12:38:21+00:00\" \/>\n<meta name=\"twitter:card\" content=\"summary_large_image\" \/>\n<script type=\"application\/ld+json\" class=\"yoast-schema-graph\">{\"@context\":\"https:\/\/schema.org\",\"@graph\":[{\"@type\":\"WebPage\",\"@id\":\"https:\/\/www.smart-train-lease.com\/de\/referenzen\/\",\"url\":\"https:\/\/www.smart-train-lease.com\/de\/referenzen\/\",\"name\":\"Referenzen - Smart Train Lease\",\"isPartOf\":{\"@id\":\"https:\/\/www.smart-train-lease.com\/de\/#website\"},\"datePublished\":\"2026-04-29T09:39:53+00:00\",\"dateModified\":\"2026-05-05T12:38:21+00:00\",\"breadcrumb\":{\"@id\":\"https:\/\/www.smart-train-lease.com\/de\/referenzen\/#breadcrumb\"},\"inLanguage\":\"de-DE\",\"potentialAction\":[{\"@type\":\"ReadAction\",\"target\":[\"https:\/\/www.smart-train-lease.com\/de\/referenzen\/\"]}]},{\"@type\":\"BreadcrumbList\",\"@id\":\"https:\/\/www.smart-train-lease.com\/de\/referenzen\/#breadcrumb\",\"itemListElement\":[{\"@type\":\"ListItem\",\"position\":1,\"name\":\"Home\",\"item\":\"https:\/\/www.smart-train-lease.com\/de\/\"},{\"@type\":\"ListItem\",\"position\":2,\"name\":\"Referenzen\"}]},{\"@type\":\"WebSite\",\"@id\":\"https:\/\/www.smart-train-lease.com\/de\/#website\",\"url\":\"https:\/\/www.smart-train-lease.com\/de\/\",\"name\":\"Smart Train Lease\",\"description\":\"\",\"publisher\":{\"@id\":\"https:\/\/www.smart-train-lease.com\/de\/#organization\"},\"potentialAction\":[{\"@type\":\"SearchAction\",\"target\":{\"@type\":\"EntryPoint\",\"urlTemplate\":\"https:\/\/www.smart-train-lease.com\/de\/?s={search_term_string}\"},\"query-input\":\"required name=search_term_string\"}],\"inLanguage\":\"de-DE\"},{\"@type\":\"Organization\",\"@id\":\"https:\/\/www.smart-train-lease.com\/de\/#organization\",\"name\":\"Smart Train Lease\",\"url\":\"https:\/\/www.smart-train-lease.com\/de\/\",\"logo\":{\"@type\":\"ImageObject\",\"inLanguage\":\"de-DE\",\"@id\":\"https:\/\/www.smart-train-lease.com\/de\/#\/schema\/logo\/image\/\",\"url\":\"https:\/\/www.smart-train-lease.com\/wp-content\/uploads\/2023\/12\/header-logo.svg\",\"contentUrl\":\"https:\/\/www.smart-train-lease.com\/wp-content\/uploads\/2023\/12\/header-logo.svg\",\"width\":187,\"height\":40,\"caption\":\"Smart Train Lease\"},\"image\":{\"@id\":\"https:\/\/www.smart-train-lease.com\/de\/#\/schema\/logo\/image\/\"}}]}<\/script>\n<!-- \/ Yoast SEO plugin. -->","yoast_head_json":{"title":"Referenzen - Smart Train Lease","robots":{"index":"index","follow":"follow","max-snippet":"max-snippet:-1","max-image-preview":"max-image-preview:large","max-video-preview":"max-video-preview:-1"},"canonical":"https:\/\/www.smart-train-lease.com\/de\/referenzen\/","og_locale":"de_DE","og_type":"article","og_title":"Referenzen - Smart Train Lease","og_url":"https:\/\/www.smart-train-lease.com\/de\/referenzen\/","og_site_name":"Smart Train Lease","article_modified_time":"2026-05-05T12:38:21+00:00","twitter_card":"summary_large_image","schema":{"@context":"https:\/\/schema.org","@graph":[{"@type":"WebPage","@id":"https:\/\/www.smart-train-lease.com\/de\/referenzen\/","url":"https:\/\/www.smart-train-lease.com\/de\/referenzen\/","name":"Referenzen - Smart Train Lease","isPartOf":{"@id":"https:\/\/www.smart-train-lease.com\/de\/#website"},"datePublished":"2026-04-29T09:39:53+00:00","dateModified":"2026-05-05T12:38:21+00:00","breadcrumb":{"@id":"https:\/\/www.smart-train-lease.com\/de\/referenzen\/#breadcrumb"},"inLanguage":"de-DE","potentialAction":[{"@type":"ReadAction","target":["https:\/\/www.smart-train-lease.com\/de\/referenzen\/"]}]},{"@type":"BreadcrumbList","@id":"https:\/\/www.smart-train-lease.com\/de\/referenzen\/#breadcrumb","itemListElement":[{"@type":"ListItem","position":1,"name":"Home","item":"https:\/\/www.smart-train-lease.com\/de\/"},{"@type":"ListItem","position":2,"name":"Referenzen"}]},{"@type":"WebSite","@id":"https:\/\/www.smart-train-lease.com\/de\/#website","url":"https:\/\/www.smart-train-lease.com\/de\/","name":"Smart Train Lease","description":"","publisher":{"@id":"https:\/\/www.smart-train-lease.com\/de\/#organization"},"potentialAction":[{"@type":"SearchAction","target":{"@type":"EntryPoint","urlTemplate":"https:\/\/www.smart-train-lease.com\/de\/?s={search_term_string}"},"query-input":"required name=search_term_string"}],"inLanguage":"de-DE"},{"@type":"Organization","@id":"https:\/\/www.smart-train-lease.com\/de\/#organization","name":"Smart Train Lease","url":"https:\/\/www.smart-train-lease.com\/de\/","logo":{"@type":"ImageObject","inLanguage":"de-DE","@id":"https:\/\/www.smart-train-lease.com\/de\/#\/schema\/logo\/image\/","url":"https:\/\/www.smart-train-lease.com\/wp-content\/uploads\/2023\/12\/header-logo.svg","contentUrl":"https:\/\/www.smart-train-lease.com\/wp-content\/uploads\/2023\/12\/header-logo.svg","width":187,"height":40,"caption":"Smart Train Lease"},"image":{"@id":"https:\/\/www.smart-train-lease.com\/de\/#\/schema\/logo\/image\/"}}]}},"_links":{"self":[{"href":"https:\/\/www.smart-train-lease.com\/de\/wp-json\/wp\/v2\/pages\/1339"}],"collection":[{"href":"https:\/\/www.smart-train-lease.com\/de\/wp-json\/wp\/v2\/pages"}],"about":[{"href":"https:\/\/www.smart-train-lease.com\/de\/wp-json\/wp\/v2\/types\/page"}],"author":[{"embeddable":true,"href":"https:\/\/www.smart-train-lease.com\/de\/wp-json\/wp\/v2\/users\/12"}],"replies":[{"embeddable":true,"href":"https:\/\/www.smart-train-lease.com\/de\/wp-json\/wp\/v2\/comments?post=1339"}],"version-history":[{"count":8,"href":"https:\/\/www.smart-train-lease.com\/de\/wp-json\/wp\/v2\/pages\/1339\/revisions"}],"predecessor-version":[{"id":1526,"href":"https:\/\/www.smart-train-lease.com\/de\/wp-json\/wp\/v2\/pages\/1339\/revisions\/1526"}],"wp:attachment":[{"href":"https:\/\/www.smart-train-lease.com\/de\/wp-json\/wp\/v2\/media?parent=1339"}],"curies":[{"name":"wp","href":"https:\/\/api.w.org\/{rel}","templated":true}]}}