{"id":594,"date":"2024-01-30T08:41:16","date_gmt":"2024-01-30T08:41:16","guid":{"rendered":"https:\/\/www.smart-train-lease.com\/?page_id=594"},"modified":"2024-02-08T10:13:11","modified_gmt":"2024-02-08T10:13:11","slug":"cookie-hinweis","status":"publish","type":"page","link":"https:\/\/www.smart-train-lease.com\/de\/cookie-hinweis\/","title":{"rendered":"Cookie Hinweis"},"content":{"rendered":"\t<section class=\"snk-section\">\n\t\t<div class=\"container container-sm\">\n\t\t\t<h1 class=\"snk-section-headline snk-h2\">Cookie Hinweis<\/h1>\t\t\t\t\t\t\t<div class=\"row\">\n\t\t\t\t\t<div class=\"col col-12\">\n\t\t\t\t\t\t<div class=\"snk-textBlock\">\n\t\t\t\t\t\t\t<p>Stand: Januar 2024<\/p>\n<p>Diese Cookie Hinweise gelten f\u00fcr die unter \u201esmart-train-lease.com\u201c erreichbaren Webseiten (die \u201eWebseite\u201c).<\/p>\n<p>Diese Webseite verwendet Cookies. Cookies sind kleine Dateien, die bestimmte Informationen enthalten und auf Ihrem Endger\u00e4t gespeichert werden. Cookies stammen entweder von der Smart Train Lease GmbH \u2013 dann handelt es sich um sog. \u201eFirst Party Cookies\u201c &#8211; oder von bestimmten Dritten, deren Dienste Smart Train Lease in Anspruch nimmt; in diesem Fall spricht man von \u201eThird Party Cookies\u201c.<\/p>\n<p>Cookies sind erforderlich, um bestimmte Funktionalit\u00e4ten auf Webseiten bereitzustellen, wie beispielweise die Beibehaltung der von einem Nutzer gew\u00e4hlten Sprache f\u00fcr die Darstellung der Webseite. Dar\u00fcber hinaus erlauben Cookies es dem jeweiligen Herausgeber (Smart Train Lease oder einem Dritten) zu erkennen, dass eine Webseite von einem bestimmten Endger\u00e4t schon einmal aufgerufen wurde. Es ist auf diese Weise m\u00f6glich, wiederkehrende Besucher (bzw. deren Endger\u00e4te) zu erkennen und Informationen \u00fcber deren Nutzungsverhalten und mutma\u00dfliche Interessen zu gewinnen.<\/p>\n<p>Diese Informationen werden genutzt, um den Besuchern relevante Werbung f\u00fcr Smart Train Lease Produkte und Dienstleistungen auf der Website und auf fremden Internetseiten zu pr\u00e4sentieren.<\/p>\n<p>Abh\u00e4ngig von ihrer Funktion und ihrem Verwendungszweck k\u00f6nnen Cookies in vier Kategorien eingeteilt werden: Unbedingt erforderliche Cookies, Performance Cookies, Funktionale Cookies und Marketing Cookies.<\/p>\n<p><strong>Unbedingt erforderliche Cookies<\/strong><\/p>\n<p>Diese Cookies sind notwendig, damit Sie auf der Webseite navigieren und ihre Funktionen verwenden k\u00f6nnen, zum Beispiel um Ihre Datenschutzpr\u00e4ferenzen einzustellen, sich anzumelden oder um Formulare auszuf\u00fcllen. Ohne diese Cookies k\u00f6nnen die von Ihnen \u00fcber die Webseite angefragten Leistungen nicht ordnungsgem\u00e4\u00df erbracht werden. Unbedingt erforderliche Cookies ben\u00f6tigen nach anwendbarem Recht keine Einwilligung durch den Nutzer.<\/p>\n<p>Sie k\u00f6nnen Ihren Webbrowser so konfigurieren, dass auch unbedingt erforderliche Cookies blockiert werden, doch k\u00f6nnen Sie die Webseite dann m\u00f6glicherweise nicht in der vorgesehenen Weise nutzen.<\/p>\n<p>Sofern die mit Hilfe von unbedingt erforderlichen Cookies verarbeiteten Daten im Einzelfall als personenbeziehbar anzusehen sind, stellt das berechtigte Interesse von Smart Train Lease am Betrieb der Webseite die Rechtsgrundlage f\u00fcr die Verarbeitung dieser Daten dar.<\/p>\n<p><strong>Performance Cookies<\/strong><\/p>\n<p>Diese Cookies sammeln Informationen \u00fcber die die Nutzung der Webseite, z.B. welche Seiten am h\u00e4ufigsten besucht werden und wie sich Besucher auf der Webseite bewegen. Sie helfen uns dabei, das Nutzerverhalten auf unseren Webseiten besser zu verstehen. Dies ist notwendig, um die Nutzerfreundlichkeit der Webseite und damit das Nutzererlebnis verbessern zu k\u00f6nnen.<\/p>\n<p>Weitere mit Performance Cookies gesammelte Informationen k\u00f6nnen z.B. sein: verwendeter Internet-Browser und Betriebssystem, Domain-Name der Webseite, von der Sie kamen, Anzahl der Besuche, durchschnittliche Verweilzeit, aufgerufene Seiten.<\/p>\n<p>Die bei der Nutzung von Performance Cookies anfallenden Daten sind in der Regel aggregiert und lassen sich keiner bestimmten nat\u00fcrlichen Person zuordnen. In einigen F\u00e4llen k\u00f6nnen die erhobenen Daten Ihnen jedoch pers\u00f6nlich zugeordnet werden (vorausgesetzt, dass Sie Ihre Identit\u00e4t offengelegt haben, z.B. bei der Er\u00f6ffnung eines Nutzerkontos oder bei der \u00dcbermittlung einer Anfrage). Sofern die mit Hilfe von Performance Cookies verarbeiteten Daten Ihnen im Einzelfall direkt zugeordnet werden k\u00f6nnen oder anderweitig als personenbeziehbar anzusehen sind, ist die Rechtsgrundlage f\u00fcr die Verarbeitung dieser Daten Ihre Einwilligung.<\/p>\n<p><strong>Funktionale Cookies<\/strong><\/p>\n<p>Diese Cookies erm\u00f6glichen es einer Webseite, eine von Ihnen get\u00e4tigte Eingabe oder Auswahl (wie z.B. Benutzernamen, Sprache oder geographischer Region, in der Sie sich befinden) zu speichern und dem Nutzer verbesserte, pers\u00f6nlichere Funktionen anzubieten.<\/p>\n<p>Sie werden auch dazu benutzt, angeforderte Funktionen wie das Abspielen von Videos zu erm\u00f6glichen.<\/p>\n<p>Sofern die mit Hilfe von funktionalen Cookies verarbeiteten Daten im Einzelfall als personenbeziehbar anzusehen sind, stellt die Einwilligung des Nutzers die Rechtsgrundlage f\u00fcr die Verarbeitung dieser Daten dar.<\/p>\n<p><strong>Marketing Cookies<\/strong><\/p>\n<p>Marketing Cookies (auch Targeting oder Advertising Cookies genannt) werden genutzt, um Werbeanzeigen auf Webseiten Dritter anzeigen zu lassen, die f\u00fcr den Nutzer und seine Interessen relevanter sind. Sie werden au\u00dferdem dazu verwendet, die Erscheinungsh\u00e4ufigkeit einer Anzeige zu begrenzen und die Effektivit\u00e4t von Werbekampagnen zu messen und zu steuern.<\/p>\n<p>Rechtsgrundlage f\u00fcr die Verarbeitung der mit Hilfe von Marketing Cookies ggf. verarbeiteten personenbeziehbaren Daten ist die Einwilligung des Nutzers.<\/p>\n<p>Die Smart Train Lease GmbH ist f\u00fcr personenbezogene Daten verantwortlich, die durch Cookies erhoben werden, wie in diesem Cookie-Hinweis beschrieben, und haben eine Vereinbarung getroffen, in der ihre jeweiligen Verantwortlichkeiten f\u00fcr den Datenschutz festgelegt sind. Eine Zusammenfassung des Inhalts dieser Vereinbarung wird auf Anfrage zur Verf\u00fcgung gestellt.<\/p>\n<p>Bei Anfragen im Zusammenhang mit diesem Cookie-Hinweis wenden Sie sich bitte an die Datenschutzorganisation unter <a href=\"mailto:datenschutz@smart-train-lease.com\">datenschutz@smart-train-lease.com<\/a>.<\/p>\n<div class=\"uc-embed\" uc-data=\"all\" uc-embedding-type=\"category\" uc-styling=\"true\"><\/div>\n\t\t\t\t\t\t<\/div>\n\t\t\t\t\t<\/div>\n\t\t\t\t<\/div>\n\t\t\t\t\t<\/div>\n\t<\/section>\n\n\t","protected":false},"excerpt":{"rendered":"","protected":false},"author":5,"featured_media":0,"parent":0,"menu_order":0,"comment_status":"closed","ping_status":"closed","template":"","meta":{"inline_featured_image":false,"footnotes":""},"acf":[],"yoast_head":"<!-- This site is optimized with the Yoast SEO plugin v21.9.1 - https:\/\/yoast.com\/wordpress\/plugins\/seo\/ -->\n<title>Smart Train Lease | Cookie Hinweis<\/title>\n<meta name=\"description\" content=\"Smart Train Lease GmbH - Cookie Hinweis\" \/>\n<meta name=\"robots\" content=\"index, follow, max-snippet:-1, max-image-preview:large, max-video-preview:-1\" \/>\n<link rel=\"canonical\" href=\"https:\/\/www.smart-train-lease.com\/de\/cookie-hinweis\/\" \/>\n<meta property=\"og:locale\" content=\"de_DE\" \/>\n<meta property=\"og:type\" content=\"article\" \/>\n<meta property=\"og:title\" content=\"Smart Train Lease | Cookie Hinweis\" \/>\n<meta property=\"og:description\" content=\"Smart Train Lease GmbH - Cookie Hinweis\" \/>\n<meta property=\"og:url\" content=\"https:\/\/www.smart-train-lease.com\/de\/cookie-hinweis\/\" \/>\n<meta property=\"og:site_name\" content=\"Smart Train Lease\" \/>\n<meta property=\"article:modified_time\" content=\"2024-02-08T10:13:11+00:00\" \/>\n<meta name=\"twitter:card\" content=\"summary_large_image\" \/>\n<script type=\"application\/ld+json\" class=\"yoast-schema-graph\">{\"@context\":\"https:\/\/schema.org\",\"@graph\":[{\"@type\":\"WebPage\",\"@id\":\"https:\/\/www.smart-train-lease.com\/de\/cookie-hinweis\/\",\"url\":\"https:\/\/www.smart-train-lease.com\/de\/cookie-hinweis\/\",\"name\":\"Smart Train Lease | Cookie Hinweis\",\"isPartOf\":{\"@id\":\"https:\/\/www.smart-train-lease.com\/de\/#website\"},\"datePublished\":\"2024-01-30T08:41:16+00:00\",\"dateModified\":\"2024-02-08T10:13:11+00:00\",\"description\":\"Smart Train Lease GmbH - Cookie Hinweis\",\"breadcrumb\":{\"@id\":\"https:\/\/www.smart-train-lease.com\/de\/cookie-hinweis\/#breadcrumb\"},\"inLanguage\":\"de-DE\",\"potentialAction\":[{\"@type\":\"ReadAction\",\"target\":[\"https:\/\/www.smart-train-lease.com\/de\/cookie-hinweis\/\"]}]},{\"@type\":\"BreadcrumbList\",\"@id\":\"https:\/\/www.smart-train-lease.com\/de\/cookie-hinweis\/#breadcrumb\",\"itemListElement\":[{\"@type\":\"ListItem\",\"position\":1,\"name\":\"Home\",\"item\":\"https:\/\/www.smart-train-lease.com\/de\/\"},{\"@type\":\"ListItem\",\"position\":2,\"name\":\"Cookie Hinweis\"}]},{\"@type\":\"WebSite\",\"@id\":\"https:\/\/www.smart-train-lease.com\/de\/#website\",\"url\":\"https:\/\/www.smart-train-lease.com\/de\/\",\"name\":\"Smart Train Lease\",\"description\":\"\",\"publisher\":{\"@id\":\"https:\/\/www.smart-train-lease.com\/de\/#organization\"},\"potentialAction\":[{\"@type\":\"SearchAction\",\"target\":{\"@type\":\"EntryPoint\",\"urlTemplate\":\"https:\/\/www.smart-train-lease.com\/de\/?s={search_term_string}\"},\"query-input\":\"required name=search_term_string\"}],\"inLanguage\":\"de-DE\"},{\"@type\":\"Organization\",\"@id\":\"https:\/\/www.smart-train-lease.com\/de\/#organization\",\"name\":\"Smart Train Lease\",\"url\":\"https:\/\/www.smart-train-lease.com\/de\/\",\"logo\":{\"@type\":\"ImageObject\",\"inLanguage\":\"de-DE\",\"@id\":\"https:\/\/www.smart-train-lease.com\/de\/#\/schema\/logo\/image\/\",\"url\":\"https:\/\/www.smart-train-lease.com\/wp-content\/uploads\/2023\/12\/header-logo.svg\",\"contentUrl\":\"https:\/\/www.smart-train-lease.com\/wp-content\/uploads\/2023\/12\/header-logo.svg\",\"width\":187,\"height\":40,\"caption\":\"Smart Train Lease\"},\"image\":{\"@id\":\"https:\/\/www.smart-train-lease.com\/de\/#\/schema\/logo\/image\/\"}}]}<\/script>\n<!-- \/ Yoast SEO plugin. -->","yoast_head_json":{"title":"Smart Train Lease | Cookie Hinweis","description":"Smart Train Lease GmbH - Cookie Hinweis","robots":{"index":"index","follow":"follow","max-snippet":"max-snippet:-1","max-image-preview":"max-image-preview:large","max-video-preview":"max-video-preview:-1"},"canonical":"https:\/\/www.smart-train-lease.com\/de\/cookie-hinweis\/","og_locale":"de_DE","og_type":"article","og_title":"Smart Train Lease | Cookie Hinweis","og_description":"Smart Train Lease GmbH - Cookie Hinweis","og_url":"https:\/\/www.smart-train-lease.com\/de\/cookie-hinweis\/","og_site_name":"Smart Train Lease","article_modified_time":"2024-02-08T10:13:11+00:00","twitter_card":"summary_large_image","schema":{"@context":"https:\/\/schema.org","@graph":[{"@type":"WebPage","@id":"https:\/\/www.smart-train-lease.com\/de\/cookie-hinweis\/","url":"https:\/\/www.smart-train-lease.com\/de\/cookie-hinweis\/","name":"Smart Train Lease | Cookie Hinweis","isPartOf":{"@id":"https:\/\/www.smart-train-lease.com\/de\/#website"},"datePublished":"2024-01-30T08:41:16+00:00","dateModified":"2024-02-08T10:13:11+00:00","description":"Smart Train Lease GmbH - Cookie Hinweis","breadcrumb":{"@id":"https:\/\/www.smart-train-lease.com\/de\/cookie-hinweis\/#breadcrumb"},"inLanguage":"de-DE","potentialAction":[{"@type":"ReadAction","target":["https:\/\/www.smart-train-lease.com\/de\/cookie-hinweis\/"]}]},{"@type":"BreadcrumbList","@id":"https:\/\/www.smart-train-lease.com\/de\/cookie-hinweis\/#breadcrumb","itemListElement":[{"@type":"ListItem","position":1,"name":"Home","item":"https:\/\/www.smart-train-lease.com\/de\/"},{"@type":"ListItem","position":2,"name":"Cookie Hinweis"}]},{"@type":"WebSite","@id":"https:\/\/www.smart-train-lease.com\/de\/#website","url":"https:\/\/www.smart-train-lease.com\/de\/","name":"Smart Train Lease","description":"","publisher":{"@id":"https:\/\/www.smart-train-lease.com\/de\/#organization"},"potentialAction":[{"@type":"SearchAction","target":{"@type":"EntryPoint","urlTemplate":"https:\/\/www.smart-train-lease.com\/de\/?s={search_term_string}"},"query-input":"required name=search_term_string"}],"inLanguage":"de-DE"},{"@type":"Organization","@id":"https:\/\/www.smart-train-lease.com\/de\/#organization","name":"Smart Train Lease","url":"https:\/\/www.smart-train-lease.com\/de\/","logo":{"@type":"ImageObject","inLanguage":"de-DE","@id":"https:\/\/www.smart-train-lease.com\/de\/#\/schema\/logo\/image\/","url":"https:\/\/www.smart-train-lease.com\/wp-content\/uploads\/2023\/12\/header-logo.svg","contentUrl":"https:\/\/www.smart-train-lease.com\/wp-content\/uploads\/2023\/12\/header-logo.svg","width":187,"height":40,"caption":"Smart Train Lease"},"image":{"@id":"https:\/\/www.smart-train-lease.com\/de\/#\/schema\/logo\/image\/"}}]}},"_links":{"self":[{"href":"https:\/\/www.smart-train-lease.com\/de\/wp-json\/wp\/v2\/pages\/594"}],"collection":[{"href":"https:\/\/www.smart-train-lease.com\/de\/wp-json\/wp\/v2\/pages"}],"about":[{"href":"https:\/\/www.smart-train-lease.com\/de\/wp-json\/wp\/v2\/types\/page"}],"author":[{"embeddable":true,"href":"https:\/\/www.smart-train-lease.com\/de\/wp-json\/wp\/v2\/users\/5"}],"replies":[{"embeddable":true,"href":"https:\/\/www.smart-train-lease.com\/de\/wp-json\/wp\/v2\/comments?post=594"}],"version-history":[{"count":14,"href":"https:\/\/www.smart-train-lease.com\/de\/wp-json\/wp\/v2\/pages\/594\/revisions"}],"predecessor-version":[{"id":757,"href":"https:\/\/www.smart-train-lease.com\/de\/wp-json\/wp\/v2\/pages\/594\/revisions\/757"}],"wp:attachment":[{"href":"https:\/\/www.smart-train-lease.com\/de\/wp-json\/wp\/v2\/media?parent=594"}],"curies":[{"name":"wp","href":"https:\/\/api.w.org\/{rel}","templated":true}]}}